{"id":1099,"date":"2023-07-28T08:10:27","date_gmt":"2023-07-28T06:10:27","guid":{"rendered":"https:\/\/lucerne2027.com\/imprint\/"},"modified":"2024-05-17T13:36:07","modified_gmt":"2024-05-17T11:36:07","slug":"imprint","status":"publish","type":"page","link":"https:\/\/lucerne2027.com\/en\/imprint\/","title":{"rendered":"Imprint"},"content":{"rendered":"\n<h2 class=\"wp-block-heading\">NOTE: THIS PAGE IS ONLY AVAILABLE IN GERMAN.<\/h2>\n\n\n\n<div id=\"wfAbstand-block_03426fc8a06480a697bb36c7e571fcfe\" class=\"d-none d-xl-block abstand_desktop\" style=\"height: 50px;\"><\/div>\n<div id=\"wfAbstand-block_03426fc8a06480a697bb36c7e571fcfe\" class=\"d-block d-xl-none abstand_mobile\" style=\"height: 50px;\"><\/div>\n\n\n\n\n<p>Lucerne Regatta Association<br>6000 Luzern<br>Schweiz<br><strong>E-Mail<\/strong>: info@lucerneregatta.com<\/p>\n\n\n\n<p><strong>Vertretungsberechtigte Personen<\/strong><br>Andreas Bucher, OK-Pr\u00e4sident<br>Timon Wernas, Gesch\u00e4ftsf\u00fchrer<\/p>\n\n\n\n<p><strong>Urheberrechte<\/strong><br>Das Urheberrecht und alle anderen Rechte an den Inhalten, Bildern, Fotos oder sonstigen Dateien auf der Website geh\u00f6ren ausschliesslich dem Betreiber dieser Website oder den namentlich genannten Rechteinhabern. F\u00fcr die Vervielf\u00e4ltigung s\u00e4mtlicher Dateien muss vorab die schriftliche Zustimmung der Urheberrechtsinhaber eingeholt werden.<br>Wer ohne Zustimmung der jeweiligen Urheberrechtsinhaber eine Urheberrechtsverletzung begeht, kann sich strafbar machen und unter Umst\u00e4nden Schadenersatzanspr\u00fcche geltend machen.<\/p>\n\n\n\n<p><strong>Haftungsausschluss<\/strong><br>Alle Angaben auf unserer Website wurden sorgf\u00e4ltig gepr\u00fcft. Wir sind bem\u00fcht, daf\u00fcr Sorge zu tragen, dass die von uns bereitgestellten Informationen aktuell, richtig und vollst\u00e4ndig sind. Dennoch ist das Auftreten von Fehlern nicht v\u00f6llig auszuschliessen, so dass wir f\u00fcr die Vollst\u00e4ndigkeit, Richtigkeit und Aktualit\u00e4t der Informationen, auch journalistisch-redaktioneller Art, keine Gew\u00e4hr \u00fcbernehmen k\u00f6nnen. Haftungsanspr\u00fcche, die sich auf Sch\u00e4den materieller oder ideeller Art beziehen, welche durch die Nutzung oder Nichtnutzung der dargebotenen Informationen bzw. durch die Nutzung fehlerhafter und unvollst\u00e4ndiger Informationen verursacht wurden, sind grunds\u00e4tzlich ausgeschlossen.<br>Der Herausgeber kann Texte nach eigenem Ermessen und ohne vorherige Ank\u00fcndigung \u00e4ndern oder l\u00f6schen und ist nicht dazu verpflichtet, die Inhalte dieser Website zu aktualisieren. Die Nutzung dieser Website bzw. der Zugang zu ihr erfolgt auf eigenes Risiko des Besuchers. Der Herausgeber, seine Kunden oder Partner sind nicht verantwortlich f\u00fcr Sch\u00e4den, wie z.B. direkte, indirekte, zuf\u00e4llige oder Folgesch\u00e4den, die angeblich durch den Besuch dieser Website verursacht wurden und \u00fcbernehmen folglich keine Haftung f\u00fcr solche Sch\u00e4den.<br>Der Herausgeber \u00fcbernimmt auch keine Verantwortung oder Haftung f\u00fcr den Inhalt und die Verf\u00fcgbarkeit von Websites Dritter, die \u00fcber externe Links von dieser Website aus erreicht werden k\u00f6nnen. F\u00fcr den Inhalt der verlinkten Seiten sind ausschliesslich deren Betreiber verantwortlich. Der Herausgeber distanziert sich daher ausdr\u00fccklich von allen fremden Inhalten, die m\u00f6glicherweise straf- oder haftungsrechtlich relevant sind oder gegen die guten Sitten verstossen.<\/p>\n\n\n\n<div id=\"wfAbstand-block_24b70e2abf38c015b3519c63b3b5b0aa\" class=\"d-none d-xl-block abstand_desktop\" style=\"height: 50px;\"><\/div>\n<div id=\"wfAbstand-block_24b70e2abf38c015b3519c63b3b5b0aa\" class=\"d-block d-xl-none abstand_mobile\" style=\"height: 20px;\"><\/div>\n\n","protected":false},"excerpt":{"rendered":"","protected":false},"author":1,"featured_media":0,"parent":0,"menu_order":0,"comment_status":"closed","ping_status":"closed","template":"","meta":{"_acf_changed":false,"inline_featured_image":false,"footnotes":""},"class_list":["post-1099","page","type-page","status-publish","hentry"],"acf":[],"yoast_head":"<!-- This site is optimized with the Yoast SEO plugin v26.1.1 - https:\/\/yoast.com\/wordpress\/plugins\/seo\/ -->\n<title>Imprint | Lucerne Regatta<\/title>\n<meta name=\"robots\" content=\"noindex, nofollow\" \/>\n<meta property=\"og:locale\" content=\"en_US\" \/>\n<meta property=\"og:type\" content=\"article\" \/>\n<meta property=\"og:title\" content=\"Imprint | Lucerne Regatta\" \/>\n<meta property=\"og:url\" content=\"https:\/\/lucerne2027.com\/en\/imprint\/\" \/>\n<meta property=\"og:site_name\" content=\"Lucerne Regatta\" \/>\n<meta property=\"article:publisher\" content=\"https:\/\/www.facebook.com\/lucerneregatta\" \/>\n<meta property=\"article:modified_time\" content=\"2024-05-17T11:36:07+00:00\" \/>\n<meta name=\"twitter:card\" content=\"summary_large_image\" \/>\n<meta name=\"twitter:label1\" content=\"Est. reading time\" \/>\n\t<meta name=\"twitter:data1\" content=\"2 minutes\" \/>\n<script type=\"application\/ld+json\" class=\"yoast-schema-graph\">{\"@context\":\"https:\/\/schema.org\",\"@graph\":[{\"@type\":\"WebPage\",\"@id\":\"https:\/\/lucerne2027.com\/en\/imprint\/\",\"url\":\"https:\/\/lucerne2027.com\/en\/imprint\/\",\"name\":\"Imprint | Lucerne Regatta\",\"isPartOf\":{\"@id\":\"https:\/\/lucerne2027.com\/en\/#website\"},\"datePublished\":\"2023-07-28T06:10:27+00:00\",\"dateModified\":\"2024-05-17T11:36:07+00:00\",\"breadcrumb\":{\"@id\":\"https:\/\/lucerne2027.com\/en\/imprint\/#breadcrumb\"},\"inLanguage\":\"en-US\",\"potentialAction\":[{\"@type\":\"ReadAction\",\"target\":[\"https:\/\/lucerne2027.com\/en\/imprint\/\"]}]},{\"@type\":\"BreadcrumbList\",\"@id\":\"https:\/\/lucerne2027.com\/en\/imprint\/#breadcrumb\",\"itemListElement\":[{\"@type\":\"ListItem\",\"position\":1,\"name\":\"Home\",\"item\":\"https:\/\/lucerne2027.com\/en\/\"},{\"@type\":\"ListItem\",\"position\":2,\"name\":\"Imprint\"}]},{\"@type\":\"WebSite\",\"@id\":\"https:\/\/lucerne2027.com\/en\/#website\",\"url\":\"https:\/\/lucerne2027.com\/en\/\",\"name\":\"Lucerne Regatta\",\"description\":\"\",\"publisher\":{\"@id\":\"https:\/\/lucerne2027.com\/en\/#organization\"},\"potentialAction\":[{\"@type\":\"SearchAction\",\"target\":{\"@type\":\"EntryPoint\",\"urlTemplate\":\"https:\/\/lucerne2027.com\/en\/?s={search_term_string}\"},\"query-input\":{\"@type\":\"PropertyValueSpecification\",\"valueRequired\":true,\"valueName\":\"search_term_string\"}}],\"inLanguage\":\"en-US\"},{\"@type\":\"Organization\",\"@id\":\"https:\/\/lucerne2027.com\/en\/#organization\",\"name\":\"Lucerne Regatta\",\"url\":\"https:\/\/lucerne2027.com\/en\/\",\"logo\":{\"@type\":\"ImageObject\",\"inLanguage\":\"en-US\",\"@id\":\"https:\/\/lucerne2027.com\/en\/#\/schema\/logo\/image\/\",\"url\":\"https:\/\/lucerne2027.com\/wp-content\/uploads\/2024\/04\/LR_Logo_CMYK.svg\",\"contentUrl\":\"https:\/\/lucerne2027.com\/wp-content\/uploads\/2024\/04\/LR_Logo_CMYK.svg\",\"caption\":\"Lucerne Regatta\"},\"image\":{\"@id\":\"https:\/\/lucerne2027.com\/en\/#\/schema\/logo\/image\/\"},\"sameAs\":[\"https:\/\/www.facebook.com\/lucerneregatta\",\"https:\/\/www.instagram.com\/lucerne_regatta\",\"https:\/\/www.linkedin.com\/company\/lucerne-regatta\/\"]}]}<\/script>\n<!-- \/ Yoast SEO plugin. -->","yoast_head_json":{"title":"Imprint | Lucerne Regatta","robots":{"index":"noindex","follow":"nofollow"},"og_locale":"en_US","og_type":"article","og_title":"Imprint | Lucerne Regatta","og_url":"https:\/\/lucerne2027.com\/en\/imprint\/","og_site_name":"Lucerne Regatta","article_publisher":"https:\/\/www.facebook.com\/lucerneregatta","article_modified_time":"2024-05-17T11:36:07+00:00","twitter_card":"summary_large_image","twitter_misc":{"Est. reading time":"2 minutes"},"schema":{"@context":"https:\/\/schema.org","@graph":[{"@type":"WebPage","@id":"https:\/\/lucerne2027.com\/en\/imprint\/","url":"https:\/\/lucerne2027.com\/en\/imprint\/","name":"Imprint | Lucerne Regatta","isPartOf":{"@id":"https:\/\/lucerne2027.com\/en\/#website"},"datePublished":"2023-07-28T06:10:27+00:00","dateModified":"2024-05-17T11:36:07+00:00","breadcrumb":{"@id":"https:\/\/lucerne2027.com\/en\/imprint\/#breadcrumb"},"inLanguage":"en-US","potentialAction":[{"@type":"ReadAction","target":["https:\/\/lucerne2027.com\/en\/imprint\/"]}]},{"@type":"BreadcrumbList","@id":"https:\/\/lucerne2027.com\/en\/imprint\/#breadcrumb","itemListElement":[{"@type":"ListItem","position":1,"name":"Home","item":"https:\/\/lucerne2027.com\/en\/"},{"@type":"ListItem","position":2,"name":"Imprint"}]},{"@type":"WebSite","@id":"https:\/\/lucerne2027.com\/en\/#website","url":"https:\/\/lucerne2027.com\/en\/","name":"Lucerne Regatta","description":"","publisher":{"@id":"https:\/\/lucerne2027.com\/en\/#organization"},"potentialAction":[{"@type":"SearchAction","target":{"@type":"EntryPoint","urlTemplate":"https:\/\/lucerne2027.com\/en\/?s={search_term_string}"},"query-input":{"@type":"PropertyValueSpecification","valueRequired":true,"valueName":"search_term_string"}}],"inLanguage":"en-US"},{"@type":"Organization","@id":"https:\/\/lucerne2027.com\/en\/#organization","name":"Lucerne Regatta","url":"https:\/\/lucerne2027.com\/en\/","logo":{"@type":"ImageObject","inLanguage":"en-US","@id":"https:\/\/lucerne2027.com\/en\/#\/schema\/logo\/image\/","url":"https:\/\/lucerne2027.com\/wp-content\/uploads\/2024\/04\/LR_Logo_CMYK.svg","contentUrl":"https:\/\/lucerne2027.com\/wp-content\/uploads\/2024\/04\/LR_Logo_CMYK.svg","caption":"Lucerne Regatta"},"image":{"@id":"https:\/\/lucerne2027.com\/en\/#\/schema\/logo\/image\/"},"sameAs":["https:\/\/www.facebook.com\/lucerneregatta","https:\/\/www.instagram.com\/lucerne_regatta","https:\/\/www.linkedin.com\/company\/lucerne-regatta\/"]}]}},"_links":{"self":[{"href":"https:\/\/lucerne2027.com\/en\/wp-json\/wp\/v2\/pages\/1099","targetHints":{"allow":["GET"]}}],"collection":[{"href":"https:\/\/lucerne2027.com\/en\/wp-json\/wp\/v2\/pages"}],"about":[{"href":"https:\/\/lucerne2027.com\/en\/wp-json\/wp\/v2\/types\/page"}],"author":[{"embeddable":true,"href":"https:\/\/lucerne2027.com\/en\/wp-json\/wp\/v2\/users\/1"}],"replies":[{"embeddable":true,"href":"https:\/\/lucerne2027.com\/en\/wp-json\/wp\/v2\/comments?post=1099"}],"version-history":[{"count":3,"href":"https:\/\/lucerne2027.com\/en\/wp-json\/wp\/v2\/pages\/1099\/revisions"}],"predecessor-version":[{"id":1103,"href":"https:\/\/lucerne2027.com\/en\/wp-json\/wp\/v2\/pages\/1099\/revisions\/1103"}],"wp:attachment":[{"href":"https:\/\/lucerne2027.com\/en\/wp-json\/wp\/v2\/media?parent=1099"}],"curies":[{"name":"wp","href":"https:\/\/api.w.org\/{rel}","templated":true}]}}